{"id":3071,"date":"2026-02-02T02:29:59","date_gmt":"2026-02-02T02:29:59","guid":{"rendered":"https:\/\/limitedcollection.shop\/?post_type=product&#038;p=3071"},"modified":"2026-02-02T02:36:31","modified_gmt":"2026-02-02T02:36:31","slug":"ebox-luz-emerg-encia-coche-homologado-dgt-3-0-con-sim-y-datos-pagados-hasta-2038-baliza-v16-homologada-con-geolocalizador-aprobada-por-dgt-iluminacion-de-alta-potencia-pilas-incluidas","status":"publish","type":"product","link":"https:\/\/limitedcollection.shop\/es\/producto\/ebox-luz-emerg-encia-coche-homologado-dgt-3-0-con-sim-y-datos-pagados-hasta-2038-baliza-v16-homologada-con-geolocalizador-aprobada-por-dgt-iluminacion-de-alta-potencia-pilas-incluidas\/","title":{"rendered":"EBOX Luz Emerg encia Coche Homologado DGT 3.0 con SIM y Datos Pagados hasta 2038 Baliza v16 Homologada con Geolocalizador Aprobada por DGT Iluminaci\u00f3n de Alta Potencia Pilas Incluidas"},"content":{"rendered":"<div data-elementor-type=\"product-post\" data-elementor-id=\"3071\" class=\"elementor elementor-3071\" data-elementor-post-type=\"product\">\n\t\t\t\t<div class=\"elementor-element elementor-element-248ce361 e-flex e-con-boxed e-con e-parent\" data-id=\"248ce361\" data-element_type=\"container\" data-settings=\"{&quot;ekit_has_onepagescroll_dot&quot;:&quot;yes&quot;}\">\n\t\t\t\t\t<div class=\"e-con-inner\">\n\t\t\t\t<div class=\"elementor-element elementor-element-480c2af1 elementor-widget elementor-widget-image\" data-id=\"480c2af1\" data-element_type=\"widget\" data-settings=\"{&quot;ekit_we_effect_on&quot;:&quot;none&quot;}\" data-widget_type=\"image.default\">\n\t\t\t\t<div class=\"elementor-widget-container\">\n\t\t\t\t\t\t\t\t\t\t\t\t\t\t\t<img fetchpriority=\"high\" decoding=\"async\" width=\"675\" height=\"1024\" src=\"https:\/\/limitedcollection.shop\/wp-content\/uploads\/2026\/02\/Sd119737d97cc42288ee0e3fe28bd3c29p-675x1024.webp\" class=\"attachment-large size-large wp-image-3078 wvs-archive-product-image\" alt=\"\" srcset=\"https:\/\/limitedcollection.shop\/wp-content\/uploads\/2026\/02\/Sd119737d97cc42288ee0e3fe28bd3c29p-675x1024.webp 675w, https:\/\/limitedcollection.shop\/wp-content\/uploads\/2026\/02\/Sd119737d97cc42288ee0e3fe28bd3c29p-198x300.webp 198w, https:\/\/limitedcollection.shop\/wp-content\/uploads\/2026\/02\/Sd119737d97cc42288ee0e3fe28bd3c29p-768x1166.webp 768w, https:\/\/limitedcollection.shop\/wp-content\/uploads\/2026\/02\/Sd119737d97cc42288ee0e3fe28bd3c29p-8x12.webp 8w, https:\/\/limitedcollection.shop\/wp-content\/uploads\/2026\/02\/Sd119737d97cc42288ee0e3fe28bd3c29p-600x911.webp 600w, https:\/\/limitedcollection.shop\/wp-content\/uploads\/2026\/02\/Sd119737d97cc42288ee0e3fe28bd3c29p.webp 790w\" sizes=\"(max-width: 675px) 100vw, 675px\" \/>\t\t\t\t\t\t\t\t\t\t\t\t\t\t\t<\/div>\n\t\t\t\t<\/div>\n\t\t\t\t<div class=\"elementor-element elementor-element-459ec96d elementor-widget elementor-widget-image\" data-id=\"459ec96d\" data-element_type=\"widget\" data-settings=\"{&quot;ekit_we_effect_on&quot;:&quot;none&quot;}\" data-widget_type=\"image.default\">\n\t\t\t\t<div class=\"elementor-widget-container\">\n\t\t\t\t\t\t\t\t\t\t\t\t\t\t\t<img decoding=\"async\" width=\"659\" height=\"657\" src=\"https:\/\/limitedcollection.shop\/wp-content\/uploads\/2026\/02\/QQ20260127-143103.png\" class=\"attachment-large size-large wp-image-3079 wvs-archive-product-image\" alt=\"\" srcset=\"https:\/\/limitedcollection.shop\/wp-content\/uploads\/2026\/02\/QQ20260127-143103.png 659w, https:\/\/limitedcollection.shop\/wp-content\/uploads\/2026\/02\/QQ20260127-143103-300x300.png 300w, https:\/\/limitedcollection.shop\/wp-content\/uploads\/2026\/02\/QQ20260127-143103-150x150.png 150w, https:\/\/limitedcollection.shop\/wp-content\/uploads\/2026\/02\/QQ20260127-143103-12x12.png 12w, https:\/\/limitedcollection.shop\/wp-content\/uploads\/2026\/02\/QQ20260127-143103-600x598.png 600w, https:\/\/limitedcollection.shop\/wp-content\/uploads\/2026\/02\/QQ20260127-143103-100x100.png 100w, https:\/\/limitedcollection.shop\/wp-content\/uploads\/2026\/02\/QQ20260127-143103-50x50.png 50w\" sizes=\"(max-width: 659px) 100vw, 659px\" \/>\t\t\t\t\t\t\t\t\t\t\t\t\t\t\t<\/div>\n\t\t\t\t<\/div>\n\t\t\t\t<div class=\"elementor-element elementor-element-6577c925 elementor-widget elementor-widget-image\" data-id=\"6577c925\" data-element_type=\"widget\" data-settings=\"{&quot;ekit_we_effect_on&quot;:&quot;none&quot;}\" data-widget_type=\"image.default\">\n\t\t\t\t<div class=\"elementor-widget-container\">\n\t\t\t\t\t\t\t\t\t\t\t\t\t\t\t<img decoding=\"async\" width=\"800\" height=\"800\" src=\"https:\/\/limitedcollection.shop\/wp-content\/uploads\/2026\/02\/dcdaccdb3088901a02fbd87aaf3a95b5-1.webp\" class=\"attachment-large size-large wp-image-3080 wvs-archive-product-image\" alt=\"\" srcset=\"https:\/\/limitedcollection.shop\/wp-content\/uploads\/2026\/02\/dcdaccdb3088901a02fbd87aaf3a95b5-1.webp 960w, https:\/\/limitedcollection.shop\/wp-content\/uploads\/2026\/02\/dcdaccdb3088901a02fbd87aaf3a95b5-1-300x300.webp 300w, https:\/\/limitedcollection.shop\/wp-content\/uploads\/2026\/02\/dcdaccdb3088901a02fbd87aaf3a95b5-1-150x150.webp 150w, https:\/\/limitedcollection.shop\/wp-content\/uploads\/2026\/02\/dcdaccdb3088901a02fbd87aaf3a95b5-1-768x768.webp 768w, https:\/\/limitedcollection.shop\/wp-content\/uploads\/2026\/02\/dcdaccdb3088901a02fbd87aaf3a95b5-1-12x12.webp 12w, https:\/\/limitedcollection.shop\/wp-content\/uploads\/2026\/02\/dcdaccdb3088901a02fbd87aaf3a95b5-1-600x600.webp 600w, https:\/\/limitedcollection.shop\/wp-content\/uploads\/2026\/02\/dcdaccdb3088901a02fbd87aaf3a95b5-1-100x100.webp 100w, https:\/\/limitedcollection.shop\/wp-content\/uploads\/2026\/02\/dcdaccdb3088901a02fbd87aaf3a95b5-1-50x50.webp 50w\" sizes=\"(max-width: 800px) 100vw, 800px\" \/>\t\t\t\t\t\t\t\t\t\t\t\t\t\t\t<\/div>\n\t\t\t\t<\/div>\n\t\t\t\t<div class=\"elementor-element elementor-element-1494a199 elementor-widget elementor-widget-image\" data-id=\"1494a199\" data-element_type=\"widget\" data-settings=\"{&quot;ekit_we_effect_on&quot;:&quot;none&quot;}\" data-widget_type=\"image.default\">\n\t\t\t\t<div class=\"elementor-widget-container\">\n\t\t\t\t\t\t\t\t\t\t\t\t\t\t\t<img loading=\"lazy\" decoding=\"async\" width=\"800\" height=\"506\" src=\"https:\/\/limitedcollection.shop\/wp-content\/uploads\/2026\/02\/cc9ebd41cde90a33869f719faba19c1f-1.webp\" class=\"attachment-large size-large wp-image-3081 wvs-archive-product-image\" alt=\"\" srcset=\"https:\/\/limitedcollection.shop\/wp-content\/uploads\/2026\/02\/cc9ebd41cde90a33869f719faba19c1f-1.webp 880w, https:\/\/limitedcollection.shop\/wp-content\/uploads\/2026\/02\/cc9ebd41cde90a33869f719faba19c1f-1-300x190.webp 300w, https:\/\/limitedcollection.shop\/wp-content\/uploads\/2026\/02\/cc9ebd41cde90a33869f719faba19c1f-1-768x486.webp 768w, https:\/\/limitedcollection.shop\/wp-content\/uploads\/2026\/02\/cc9ebd41cde90a33869f719faba19c1f-1-18x12.webp 18w, https:\/\/limitedcollection.shop\/wp-content\/uploads\/2026\/02\/cc9ebd41cde90a33869f719faba19c1f-1-600x380.webp 600w\" sizes=\"(max-width: 800px) 100vw, 800px\" \/>\t\t\t\t\t\t\t\t\t\t\t\t\t\t\t<\/div>\n\t\t\t\t<\/div>\n\t\t\t\t<div class=\"elementor-element elementor-element-541d94c4 elementor-widget elementor-widget-image\" data-id=\"541d94c4\" data-element_type=\"widget\" data-settings=\"{&quot;ekit_we_effect_on&quot;:&quot;none&quot;}\" data-widget_type=\"image.default\">\n\t\t\t\t<div class=\"elementor-widget-container\">\n\t\t\t\t\t\t\t\t\t\t\t\t\t\t\t<img loading=\"lazy\" decoding=\"async\" width=\"800\" height=\"800\" src=\"https:\/\/limitedcollection.shop\/wp-content\/uploads\/2026\/02\/b3c9949ee3b6e00273e3a64f1f1aa2d3-1.webp\" class=\"attachment-large size-large wp-image-3082 wvs-archive-product-image\" alt=\"\" srcset=\"https:\/\/limitedcollection.shop\/wp-content\/uploads\/2026\/02\/b3c9949ee3b6e00273e3a64f1f1aa2d3-1.webp 960w, https:\/\/limitedcollection.shop\/wp-content\/uploads\/2026\/02\/b3c9949ee3b6e00273e3a64f1f1aa2d3-1-300x300.webp 300w, https:\/\/limitedcollection.shop\/wp-content\/uploads\/2026\/02\/b3c9949ee3b6e00273e3a64f1f1aa2d3-1-150x150.webp 150w, https:\/\/limitedcollection.shop\/wp-content\/uploads\/2026\/02\/b3c9949ee3b6e00273e3a64f1f1aa2d3-1-768x768.webp 768w, https:\/\/limitedcollection.shop\/wp-content\/uploads\/2026\/02\/b3c9949ee3b6e00273e3a64f1f1aa2d3-1-12x12.webp 12w, https:\/\/limitedcollection.shop\/wp-content\/uploads\/2026\/02\/b3c9949ee3b6e00273e3a64f1f1aa2d3-1-600x600.webp 600w, https:\/\/limitedcollection.shop\/wp-content\/uploads\/2026\/02\/b3c9949ee3b6e00273e3a64f1f1aa2d3-1-100x100.webp 100w, https:\/\/limitedcollection.shop\/wp-content\/uploads\/2026\/02\/b3c9949ee3b6e00273e3a64f1f1aa2d3-1-50x50.webp 50w\" sizes=\"(max-width: 800px) 100vw, 800px\" \/>\t\t\t\t\t\t\t\t\t\t\t\t\t\t\t<\/div>\n\t\t\t\t<\/div>\n\t\t\t\t<div class=\"elementor-element elementor-element-33891821 elementor-widget elementor-widget-image\" data-id=\"33891821\" data-element_type=\"widget\" data-settings=\"{&quot;ekit_we_effect_on&quot;:&quot;none&quot;}\" data-widget_type=\"image.default\">\n\t\t\t\t<div class=\"elementor-widget-container\">\n\t\t\t\t\t\t\t\t\t\t\t\t\t\t\t<img loading=\"lazy\" decoding=\"async\" width=\"800\" height=\"685\" src=\"https:\/\/limitedcollection.shop\/wp-content\/uploads\/2026\/02\/41b88b15eb25c2a84b46dd36185cc5e7-1.webp\" class=\"attachment-large size-large wp-image-3083 wvs-archive-product-image\" alt=\"\" srcset=\"https:\/\/limitedcollection.shop\/wp-content\/uploads\/2026\/02\/41b88b15eb25c2a84b46dd36185cc5e7-1.webp 934w, https:\/\/limitedcollection.shop\/wp-content\/uploads\/2026\/02\/41b88b15eb25c2a84b46dd36185cc5e7-1-300x257.webp 300w, https:\/\/limitedcollection.shop\/wp-content\/uploads\/2026\/02\/41b88b15eb25c2a84b46dd36185cc5e7-1-768x658.webp 768w, https:\/\/limitedcollection.shop\/wp-content\/uploads\/2026\/02\/41b88b15eb25c2a84b46dd36185cc5e7-1-14x12.webp 14w, https:\/\/limitedcollection.shop\/wp-content\/uploads\/2026\/02\/41b88b15eb25c2a84b46dd36185cc5e7-1-600x514.webp 600w\" sizes=\"(max-width: 800px) 100vw, 800px\" \/>\t\t\t\t\t\t\t\t\t\t\t\t\t\t\t<\/div>\n\t\t\t\t<\/div>\n\t\t\t\t<div class=\"elementor-element elementor-element-8eedd45 elementor-widget elementor-widget-text-editor\" data-id=\"8eedd45\" data-element_type=\"widget\" data-settings=\"{&quot;ekit_we_effect_on&quot;:&quot;none&quot;}\" data-widget_type=\"text-editor.default\">\n\t\t\t\t<div class=\"elementor-widget-container\">\n\t\t\t\t\t\t\t\t\t<div class=\"elementor-element elementor-element-708b5d3 e-con-full e-flex e-con e-child\" data-id=\"708b5d3\" data-element_type=\"container\" data-settings=\"{&quot;ekit_has_onepagescroll_dot&quot;:&quot;yes&quot;}\">\n    <div class=\"elementor-element elementor-element-bc07a69 elementor-widget elementor-widget-text-editor\" data-id=\"bc07a69\" data-element_type=\"widget\" data-settings=\"{&quot;ekit_we_effect_on&quot;:&quot;none&quot;}\" data-widget_type=\"text-editor.default\">\n        <div class=\"elementor-widget-container\">\n            # Informaci\u00f3n del producto\n\n            <div class=\"product-table\">\n                <div class=\"product-row\">\n                    <div class=\"product-label\">Caracter\u00edsticas especiales<\/div>\n                    <div class=\"product-value\">Homologado DGT 3.0, Geolocalizador, Iluminaci\u00f3n de alta potencia, SIM con datos pagados hasta 2038<\/div>\n                <\/div>\n                <div class=\"product-row\">\n                    <div class=\"product-label\"><strong>Tipo de producto<\/strong><\/div>\n                    <div class=\"product-value\"><strong>Baliza v16 Luz de emergencia para coche<\/strong><\/div>\n                <\/div>\n                <div class=\"product-label\"><strong>Marca<\/strong><\/div>\n                <div class=\"product-value\"><strong>EBOX<\/strong><\/div>\n                <\/div>\n                <div class=\"product-row\">\n                    <div class=\"product-label\"><strong>Homologaci\u00f3n<\/strong><\/div>\n                    <div class=\"product-value\"><strong>Aprobada por DGT, Normativa 3.0<\/strong><\/div>\n                <\/div>\n                <div class=\"product-row\">\n                    <div class=\"product-label\"><strong>Funcionalidades clave<\/strong><\/div>\n                    <div class=\"product-value\"><strong>Geolocalizador integrado, Iluminaci\u00f3n de alta potencia, Baliza v16 homologada<\/strong><\/div>\n                <\/div>\n                <div class=\"product-row\">\n                    <div class=\"product-label\"><strong>Accesorios incluidos<\/strong><\/div>\n                    <div class=\"product-value\"><strong>Pilas incluidas, SIM integrada con datos pagados hasta 2038<\/strong><\/div>\n                <\/div>\n                <div class=\"product-row\">\n                    <div class=\"product-label\"><strong>Fabricante<\/strong><\/div>\n                    <div class=\"product-value\"><strong>EBOX<\/strong><\/div>\n                <\/div>\n                <div class=\"product-row\">\n                    <div class=\"product-label\"><strong>Compatibilidad<\/strong><\/div>\n                    <div class=\"product-value\"><strong>Todos los veh\u00edculos, Cumplimiento normativo DGT actual<\/strong><\/div>\n                <\/div>\n                <div class=\"product-row\">\n                    <div class=\"product-label\"><strong>Valoraci\u00f3n media de los clientes<\/strong><\/div>\n                    <div class=\"product-value\"><strong>4,7 \u2605\u2605\u2605\u2605\u2606 (528 valoraciones) 4,7 de 5 estrellas<\/strong><\/div>\n                <\/div>\n                <div class=\"product-row\">\n                    <div class=\"product-label\"><strong>Clasificaci\u00f3n en los m\u00e1s vendidos de Amazon<\/strong><\/div>\n                    <div class=\"product-value\"><strong>N\u00b08.942 en Accesorios para coches (Ver el Top 100) N\u00b02 en Balizas y luces de emergencia vehiculares<\/strong><\/div>\n                <\/div>\n                <div class=\"product-row\">\n                    <div class=\"product-label\"><strong>Disponible en amazon.com desde<\/strong><\/div>\n                    <div class=\"product-value\"><strong>15 de marzo de 2025<\/strong><\/div>\n                <\/div>\n            <\/div>\n\n            <style>\n                .product-table {\n                    width: 100%;\n                    border-top: 1px solid #000;\n                    font-family: Arial, sans-serif;\n                }\n\n                .product-row {\n                    display: flex;\n                    border-bottom: 1px solid #000;\n                    padding: 12px 0;\n                }\n\n                .product-label {\n                    flex: 1;\n                    font-weight: bold;\n                    min-width: 200px;\n                    padding-right: 20px;\n                }\n\n                .product-value {\n                    flex: 1;\n                    min-width: 200px;\n                }\n            <\/style>\n        <\/div>\n    <\/div>\n<\/div>\t\t\t\t\t\t\t\t<\/div>\n\t\t\t\t<\/div>\n\t\t\t\t\t<\/div>\n\t\t\t\t<\/div>\n\t\t\t\t<\/div>","protected":false},"excerpt":{"rendered":"<p># Informaci\u00f3n del producto Caracter\u00edsticas especiales Homologado DGT 3.0, Geolocalizador, Iluminaci\u00f3n de alta potencia, SIM con datos pagados hasta 2038 Tipo de producto Baliza v16 Luz de emergencia para coche Marca EBOX Homologaci\u00f3n Aprobada por DGT, Normativa 3.0 Funcionalidades clave Geolocalizador integrado, Iluminaci\u00f3n de alta potencia, Baliza v16 homologada Accesorios incluidos Pilas incluidas, SIM integrada [...]<\/p>","protected":false},"featured_media":3072,"comment_status":"open","ping_status":"closed","template":"","meta":{"_acf_changed":false},"product_brand":[],"product_cat":[60,35],"product_tag":[],"class_list":{"0":"post-3071","1":"product","2":"type-product","3":"status-publish","4":"has-post-thumbnail","6":"product_cat-dao","7":"product_cat-sale","9":"first","10":"instock","11":"sale","12":"shipping-taxable","13":"purchasable","14":"product-type-simple"},"acf":[],"_links":{"self":[{"href":"https:\/\/limitedcollection.shop\/es\/wp-json\/wp\/v2\/product\/3071","targetHints":{"allow":["GET"]}}],"collection":[{"href":"https:\/\/limitedcollection.shop\/es\/wp-json\/wp\/v2\/product"}],"about":[{"href":"https:\/\/limitedcollection.shop\/es\/wp-json\/wp\/v2\/types\/product"}],"replies":[{"embeddable":true,"href":"https:\/\/limitedcollection.shop\/es\/wp-json\/wp\/v2\/comments?post=3071"}],"version-history":[{"count":0,"href":"https:\/\/limitedcollection.shop\/es\/wp-json\/wp\/v2\/product\/3071\/revisions"}],"wp:featuredmedia":[{"embeddable":true,"href":"https:\/\/limitedcollection.shop\/es\/wp-json\/wp\/v2\/media\/3072"}],"wp:attachment":[{"href":"https:\/\/limitedcollection.shop\/es\/wp-json\/wp\/v2\/media?parent=3071"}],"wp:term":[{"taxonomy":"product_brand","embeddable":true,"href":"https:\/\/limitedcollection.shop\/es\/wp-json\/wp\/v2\/product_brand?post=3071"},{"taxonomy":"product_cat","embeddable":true,"href":"https:\/\/limitedcollection.shop\/es\/wp-json\/wp\/v2\/product_cat?post=3071"},{"taxonomy":"product_tag","embeddable":true,"href":"https:\/\/limitedcollection.shop\/es\/wp-json\/wp\/v2\/product_tag?post=3071"}],"curies":[{"name":"wp","href":"https:\/\/api.w.org\/{rel}","templated":true}]}}